{"id":2456,"date":"2024-06-10T09:55:05","date_gmt":"2024-06-10T07:55:05","guid":{"rendered":"https:\/\/kyoki.es\/?page_id=2456"},"modified":"2024-06-13T09:16:56","modified_gmt":"2024-06-13T07:16:56","slug":"politica-de-cookies","status":"publish","type":"page","link":"https:\/\/kyoki.es\/en\/politica-de-cookies\/","title":{"rendered":"Pol\u00edtica de Cookies"},"content":{"rendered":"<div data-elementor-type=\"wp-page\" data-elementor-id=\"2456\" class=\"elementor elementor-2456\">\n\t\t\t\t\t\t<section class=\"elementor-section elementor-top-section elementor-element elementor-element-9da1f11 elementor-section-boxed elementor-section-height-default elementor-section-height-default\" data-id=\"9da1f11\" data-element_type=\"section\" data-e-type=\"section\">\n\t\t\t\t\t\t<div class=\"elementor-container elementor-column-gap-default\">\n\t\t\t\t\t<div class=\"elementor-column elementor-col-100 elementor-top-column elementor-element elementor-element-6359639\" data-id=\"6359639\" data-element_type=\"column\" data-e-type=\"column\">\n\t\t\t<div class=\"elementor-widget-wrap elementor-element-populated\">\n\t\t\t\t\t\t<div class=\"elementor-element elementor-element-49fe3cc elementor-widget elementor-widget-text-editor\" data-id=\"49fe3cc\" data-element_type=\"widget\" data-e-type=\"widget\" data-widget_type=\"text-editor.default\">\n\t\t\t\t<div class=\"elementor-widget-container\">\n\t\t\t\t\t\t\t\t\t<section class=\"elementor-section elementor-top-section elementor-element elementor-element-7b6c0b4 elementor-section-boxed elementor-section-height-default elementor-section-height-default\" data-id=\"7b6c0b4\" data-element_type=\"section\"><div class=\"elementor-container elementor-column-gap-default\"><div class=\"elementor-column elementor-col-100 elementor-top-column elementor-element elementor-element-53fa8b3\" data-id=\"53fa8b3\" data-element_type=\"column\"><div class=\"elementor-widget-wrap elementor-element-populated\"><div class=\"elementor-element elementor-element-56fa536 elementor-widget elementor-widget-text-editor\" data-id=\"56fa536\" data-element_type=\"widget\" data-widget_type=\"text-editor.default\"><div class=\"elementor-widget-container\"><h1>POL\u00cdTICA DE COOKIES DE KYOKI STUDIO<\/h1><p><strong>KYOKI STUDIO es una marca registrada de DIDES DESIGN SL.<br \/><\/strong><\/p><p><strong>\u00bfQu\u00e9 son las cookies?<\/strong><br \/>En ingl\u00e9s, el t\u00e9rmino \u201ccookie\u201d significa galleta, pero en el \u00e1mbito de la navegaci\u00f3n web, una \u201ccookie\u201d es algo completamente distinto.<br \/>Cuando accedes a nuestra web, en el navegador de tu dispositivo se almacena una peque\u00f1a cantidad de texto que se denomina \u201ccookie\u201d. Este texto contiene informaci\u00f3n variada sobre tu navegaci\u00f3n, h\u00e1bitos, preferencias, personalizaciones de contenidos, etc\u2026<\/p><p>Existen otras tecnolog\u00edas que funcionan de manera similar y que tambi\u00e9n se usan para recopilar datos sobre tu actividad de navegaci\u00f3n. Llamaremos \u201ccookies\u201d a todas estas tecnolog\u00edas en su conjunto. Los usos concretos que hacemos de estas tecnolog\u00edas se describen en el presente documento.<\/p><p><strong>\u00bfPara qu\u00e9 se utilizan las cookies en esta web?<\/strong><br \/>Las cookies son una parte esencial de c\u00f3mo funciona nuestro sitio web. El objetivo principal de nuestras cookies es mejorar tu experiencia en la navegaci\u00f3n. Por ejemplo, para recordar tus preferencias (idioma, pa\u00eds, etc.) durante la navegaci\u00f3n y en futuras visitas. La informaci\u00f3n recogida en las cookies nos permite adem\u00e1s mejorar la web, adaptarla a tus intereses como usuario, acelerar las b\u00fasquedas que realices, etc\u2026<\/p><p>En determinados casos, si hemos obtenido tu previo consentimiento informado, podremos utilizar cookies para otros usos, como por ejemplo para obtener informaci\u00f3n que nos permita mostrarte publicidad basada en el an\u00e1lisis de tus h\u00e1bitos de navegaci\u00f3n.<\/p><p><strong>\u00bfPara qu\u00e9 NO se utilizan las cookies en esta web?<\/strong><br \/>En las cookies que utilizamos no se almacena informaci\u00f3n sensible de identificaci\u00f3n personal como tu nombre, direcci\u00f3n, tu contrase\u00f1a, etc.<\/p><p><strong>\u00bfQui\u00e9n utiliza la informaci\u00f3n almacenada en las cookies?<\/strong><br \/>La informaci\u00f3n almacenada en las cookies de nuestro sitio web es utilizada exclusivamente por nosotros, a excepci\u00f3n de aquellas identificadas m\u00e1s adelante como \u2018cookie de terceros\u2019, que son utilizadas y gestionadas por entidades externas que nos proporcionan servicios que mejoran la experiencia del usuario. Por ejemplo las<br \/>estad\u00edsticas que se recogen sobre el n\u00famero de visitas, el contenido que m\u00e1s gusta, etc\u2026 lo suele gestionar GOOGLE ANALYTICS.<\/p><p>Las cookies de terceros tambi\u00e9n se suelen utilizar para garantizar las operaciones de pago realizadas a trav\u00e9s de la web.<\/p><p><strong>\u00bfC\u00f3mo puedo evitar el uso de cookies en este sitio web?<\/strong><br \/>Si prefieres evitar el uso de las cookies, puedes RECHAZAR su uso o puedes CONFIGURAR las que quieres evitar y las que permites utilizar (en este documento te damos informaci\u00f3n ampliada al respecto de cada tipo de cookie, su finalidad, destinatario, temporalidad, etc\u2026 ).<\/p><p>Si las has aceptado, no volveremos a preguntarte a menos que borres las cookies en tu dispositivo seg\u00fan se indica en el apartado siguiente. Si quieres revocar el consentimiento tendr\u00e1s que eliminar las cookies y volver a configurarlas.<\/p><p><strong>\u00bfC\u00f3mo deshabilito y elimino la utilizaci\u00f3n de cookies?<\/strong><br \/>Para restringir, bloquear o borrar las cookies de este sitio web (y las usada por terceros) puedes hacerlo, en cualquier momento, modificando la configuraci\u00f3n de tu navegador. Ten en cuenta que esta configuraci\u00f3n es diferente en cada navegador, si bien es habitual encontrar la configuraci\u00f3n de cookies en el men\u00fa \u2018Preferencias\u2019 \u2018Herramientas\u2019 \u201cOpciones\u201d y despu\u00e9s en \u201cPrivacidad y Seguridad\u201d \u00f3 en \u201cborrar datos de navegaci\u00f3n\u201d, etc\u2026<\/p><p>Para m\u00e1s detalle sobre la configuraci\u00f3n de las cookies en cada navegador, puedes consultar el men\u00fa \u2018Ayuda\u2019 del mismo.<\/p><p><strong>\u00bfQu\u00e9 tipos de cookies se utilizan en esta p\u00e1gina web?<\/strong><br \/>Cada p\u00e1gina web utiliza sus propias cookies.<\/p><\/div><\/div><\/div><\/div><\/div><\/section>\t\t\t\t\t\t\t\t<\/div>\n\t\t\t\t<\/div>\n\t\t\t\t\t<\/div>\n\t\t<\/div>\n\t\t\t\t\t<\/div>\n\t\t<\/section>\n\t\t\t\t<section class=\"elementor-section elementor-top-section elementor-element elementor-element-b242282 elementor-section-boxed elementor-section-height-default elementor-section-height-default\" data-id=\"b242282\" data-element_type=\"section\" data-e-type=\"section\">\n\t\t\t\t\t\t<div class=\"elementor-container elementor-column-gap-default\">\n\t\t\t\t\t<div class=\"elementor-column elementor-col-100 elementor-top-column elementor-element elementor-element-87267c6\" data-id=\"87267c6\" data-element_type=\"column\" data-e-type=\"column\">\n\t\t\t<div class=\"elementor-widget-wrap elementor-element-populated\">\n\t\t\t\t\t\t<div class=\"elementor-element elementor-element-dc7ae57 elementor-widget elementor-widget-text-editor\" data-id=\"dc7ae57\" data-element_type=\"widget\" data-e-type=\"widget\" data-widget_type=\"text-editor.default\">\n\t\t\t\t<div class=\"elementor-widget-container\">\n\t\t\t\t\t\t\t\t\t<table style=\"width: 100%; border-collapse: collapse;\"><thead><tr style=\"background-color: #f2f2f2;\"><th style=\"border: 1px solid #ddd; padding: 8px;\">Cookie<\/th><th style=\"border: 1px solid #ddd; padding: 8px;\">Finalidad<\/th><th style=\"border: 1px solid #ddd; padding: 8px;\">Duraci\u00f3n<\/th><th style=\"border: 1px solid #ddd; padding: 8px;\">Gesti\u00f3n<\/th><\/tr><\/thead><tbody><tr><td style=\"border: 1px solid #ddd; padding: 8px;\">Elementor<\/td><td style=\"border: 1px solid #ddd; padding: 8px;\">Creaci\u00f3n y dise\u00f1o de contenido<\/td><td style=\"border: 1px solid #ddd; padding: 8px;\">Persistente<\/td><td style=\"border: 1px solid #ddd; padding: 8px;\">Tercero<\/td><\/tr><tr><td style=\"border: 1px solid #ddd; padding: 8px;\">WordPress<\/td><td style=\"border: 1px solid #ddd; padding: 8px;\">Creaci\u00f3n y dise\u00f1o de contenido<\/td><td style=\"border: 1px solid #ddd; padding: 8px;\">Sesi\u00f3n<\/td><td style=\"border: 1px solid #ddd; padding: 8px;\">Tercero<\/td><\/tr><tr><td style=\"border: 1px solid #ddd; padding: 8px;\">Google Font<\/td><td style=\"border: 1px solid #ddd; padding: 8px;\">Mostrar fuentes de tipograf\u00eda web<\/td><td style=\"border: 1px solid #ddd; padding: 8px;\">Sesi\u00f3n<\/td><td style=\"border: 1px solid #ddd; padding: 8px;\">Tercero<\/td><\/tr><tr><td style=\"border: 1px solid #ddd; padding: 8px;\">Google Captcha<\/td><td style=\"border: 1px solid #ddd; padding: 8px;\">Prevenci\u00f3n de SPAM<\/td><td style=\"border: 1px solid #ddd; padding: 8px;\">Sesi\u00f3n<\/td><td style=\"border: 1px solid #ddd; padding: 8px;\">Tercero<\/td><\/tr><tr><td style=\"border: 1px solid #ddd; padding: 8px;\">Google Maps<\/td><td style=\"border: 1px solid #ddd; padding: 8px;\">Mostrar mapas con la ubicaci\u00f3n de la empresa<\/td><td style=\"border: 1px solid #ddd; padding: 8px;\">Sesi\u00f3n<\/td><td style=\"border: 1px solid #ddd; padding: 8px;\">Tercero<\/td><\/tr><\/tbody><\/table>\t\t\t\t\t\t\t\t<\/div>\n\t\t\t\t<\/div>\n\t\t\t\t\t<\/div>\n\t\t<\/div>\n\t\t\t\t\t<\/div>\n\t\t<\/section>\n\t\t\t\t<\/div>","protected":false},"excerpt":{"rendered":"<p>POL\u00cdTICA DE COOKIES DE KYOKI STUDIO KYOKI STUDIO es una marca registrada de DIDES DESIGN SL. \u00bfQu\u00e9 son las cookies?En ingl\u00e9s, el t\u00e9rmino \u201ccookie\u201d significa galleta, pero en el \u00e1mbito de la navegaci\u00f3n web, una \u201ccookie\u201d es algo completamente distinto.Cuando accedes a nuestra web, en el navegador de tu dispositivo se almacena una peque\u00f1a cantidad [&hellip;]<\/p>\n","protected":false},"author":1,"featured_media":0,"parent":0,"menu_order":0,"comment_status":"closed","ping_status":"closed","template":"","meta":{"site-sidebar-layout":"no-sidebar","site-content-layout":"page-builder","ast-site-content-layout":"full-width-container","site-content-style":"default","site-sidebar-style":"default","ast-global-header-display":"","ast-banner-title-visibility":"","ast-main-header-display":"","ast-hfb-above-header-display":"","ast-hfb-below-header-display":"","ast-hfb-mobile-header-display":"","site-post-title":"disabled","ast-breadcrumbs-content":"","ast-featured-img":"disabled","footer-sml-layout":"","ast-disable-related-posts":"","theme-transparent-header-meta":"default","adv-header-id-meta":"","stick-header-meta":"","header-above-stick-meta":"","header-main-stick-meta":"","header-below-stick-meta":"","astra-migrate-meta-layouts":"set","ast-page-background-enabled":"default","ast-page-background-meta":{"desktop":{"background-color":"var(--ast-global-color-4)","background-image":"","background-repeat":"repeat","background-position":"center center","background-size":"auto","background-attachment":"scroll","background-type":"","background-media":"","overlay-type":"","overlay-color":"","overlay-opacity":"","overlay-gradient":""},"tablet":{"background-color":"","background-image":"","background-repeat":"repeat","background-position":"center center","background-size":"auto","background-attachment":"scroll","background-type":"","background-media":"","overlay-type":"","overlay-color":"","overlay-opacity":"","overlay-gradient":""},"mobile":{"background-color":"","background-image":"","background-repeat":"repeat","background-position":"center center","background-size":"auto","background-attachment":"scroll","background-type":"","background-media":"","overlay-type":"","overlay-color":"","overlay-opacity":"","overlay-gradient":""}},"ast-content-background-meta":{"desktop":{"background-color":"var(--ast-global-color-5)","background-image":"","background-repeat":"repeat","background-position":"center center","background-size":"auto","background-attachment":"scroll","background-type":"","background-media":"","overlay-type":"","overlay-color":"","overlay-opacity":"","overlay-gradient":""},"tablet":{"background-color":"var(--ast-global-color-5)","background-image":"","background-repeat":"repeat","background-position":"center center","background-size":"auto","background-attachment":"scroll","background-type":"","background-media":"","overlay-type":"","overlay-color":"","overlay-opacity":"","overlay-gradient":""},"mobile":{"background-color":"var(--ast-global-color-5)","background-image":"","background-repeat":"repeat","background-position":"center center","background-size":"auto","background-attachment":"scroll","background-type":"","background-media":"","overlay-type":"","overlay-color":"","overlay-opacity":"","overlay-gradient":""}},"footnotes":""},"class_list":["post-2456","page","type-page","status-publish","hentry"],"yoast_head":"<!-- This site is optimized with the Yoast SEO plugin v27.3 - https:\/\/yoast.com\/product\/yoast-seo-wordpress\/ -->\n<title>Pol\u00edtica de Cookies - Kyoki Studio<\/title>\n<meta name=\"description\" content=\"Las cookies son una parte esencial de c\u00f3mo funciona nuestro sitio web. El objetivo principal de nuestras cookies es mejorar tu experiencia en la navegaci\u00f3n.\" \/>\n<meta name=\"robots\" content=\"index, follow, max-snippet:-1, max-image-preview:large, max-video-preview:-1\" \/>\n<link rel=\"canonical\" href=\"https:\/\/kyoki.es\/en\/politica-de-cookies\/\" \/>\n<meta property=\"og:locale\" content=\"en_GB\" \/>\n<meta property=\"og:type\" content=\"article\" \/>\n<meta property=\"og:title\" content=\"Pol\u00edtica de Cookies - Kyoki Studio\" \/>\n<meta property=\"og:description\" content=\"Las cookies son una parte esencial de c\u00f3mo funciona nuestro sitio web. El objetivo principal de nuestras cookies es mejorar tu experiencia en la navegaci\u00f3n.\" \/>\n<meta property=\"og:url\" content=\"https:\/\/kyoki.es\/en\/politica-de-cookies\/\" \/>\n<meta property=\"og:site_name\" content=\"Kyoki Studio\" \/>\n<meta property=\"article:publisher\" content=\"https:\/\/www.facebook.com\/kyokiestudio\/\" \/>\n<meta property=\"article:modified_time\" content=\"2024-06-13T07:16:56+00:00\" \/>\n<meta name=\"twitter:card\" content=\"summary_large_image\" \/>\n<meta name=\"twitter:label1\" content=\"Estimated reading time\" \/>\n\t<meta name=\"twitter:data1\" content=\"6 minutes\" \/>\n<script type=\"application\/ld+json\" class=\"yoast-schema-graph\">{\"@context\":\"https:\\\/\\\/schema.org\",\"@graph\":[{\"@type\":\"WebPage\",\"@id\":\"https:\\\/\\\/kyoki.es\\\/politica-de-cookies\\\/\",\"url\":\"https:\\\/\\\/kyoki.es\\\/politica-de-cookies\\\/\",\"name\":\"Pol\u00edtica de Cookies - Kyoki Studio\",\"isPartOf\":{\"@id\":\"https:\\\/\\\/kyoki.es\\\/#website\"},\"datePublished\":\"2024-06-10T07:55:05+00:00\",\"dateModified\":\"2024-06-13T07:16:56+00:00\",\"description\":\"Las cookies son una parte esencial de c\u00f3mo funciona nuestro sitio web. El objetivo principal de nuestras cookies es mejorar tu experiencia en la navegaci\u00f3n.\",\"breadcrumb\":{\"@id\":\"https:\\\/\\\/kyoki.es\\\/politica-de-cookies\\\/#breadcrumb\"},\"inLanguage\":\"en-GB\",\"potentialAction\":[{\"@type\":\"ReadAction\",\"target\":[\"https:\\\/\\\/kyoki.es\\\/politica-de-cookies\\\/\"]}]},{\"@type\":\"BreadcrumbList\",\"@id\":\"https:\\\/\\\/kyoki.es\\\/politica-de-cookies\\\/#breadcrumb\",\"itemListElement\":[{\"@type\":\"ListItem\",\"position\":1,\"name\":\"Portada\",\"item\":\"https:\\\/\\\/kyoki.es\\\/\"},{\"@type\":\"ListItem\",\"position\":2,\"name\":\"Pol\u00edtica de Cookies\"}]},{\"@type\":\"WebSite\",\"@id\":\"https:\\\/\\\/kyoki.es\\\/#website\",\"url\":\"https:\\\/\\\/kyoki.es\\\/\",\"name\":\"Kyoki\",\"description\":\"Estudio de Dise\u00f1o\",\"publisher\":{\"@id\":\"https:\\\/\\\/kyoki.es\\\/#organization\"},\"potentialAction\":[{\"@type\":\"SearchAction\",\"target\":{\"@type\":\"EntryPoint\",\"urlTemplate\":\"https:\\\/\\\/kyoki.es\\\/?s={search_term_string}\"},\"query-input\":{\"@type\":\"PropertyValueSpecification\",\"valueRequired\":true,\"valueName\":\"search_term_string\"}}],\"inLanguage\":\"en-GB\"},{\"@type\":\"Organization\",\"@id\":\"https:\\\/\\\/kyoki.es\\\/#organization\",\"name\":\"Kyoki\",\"url\":\"https:\\\/\\\/kyoki.es\\\/\",\"logo\":{\"@type\":\"ImageObject\",\"inLanguage\":\"en-GB\",\"@id\":\"https:\\\/\\\/kyoki.es\\\/#\\\/schema\\\/logo\\\/image\\\/\",\"url\":\"https:\\\/\\\/kyoki.es\\\/wp-content\\\/uploads\\\/2023\\\/04\\\/cropped-LOGO-KYOKI-Studio-fondo-transparente.png\",\"contentUrl\":\"https:\\\/\\\/kyoki.es\\\/wp-content\\\/uploads\\\/2023\\\/04\\\/cropped-LOGO-KYOKI-Studio-fondo-transparente.png\",\"width\":241,\"height\":128,\"caption\":\"Kyoki\"},\"image\":{\"@id\":\"https:\\\/\\\/kyoki.es\\\/#\\\/schema\\\/logo\\\/image\\\/\"},\"sameAs\":[\"https:\\\/\\\/www.facebook.com\\\/kyokiestudio\\\/\",\"https:\\\/\\\/www.instagram.com\\\/kyoki_estudio\\\/?hl=es\",\"https:\\\/\\\/www.linkedin.com\\\/company\\\/kyoki\"]}]}<\/script>\n<!-- \/ Yoast SEO plugin. -->","yoast_head_json":{"title":"Pol\u00edtica de Cookies - Kyoki Studio","description":"Las cookies son una parte esencial de c\u00f3mo funciona nuestro sitio web. El objetivo principal de nuestras cookies es mejorar tu experiencia en la navegaci\u00f3n.","robots":{"index":"index","follow":"follow","max-snippet":"max-snippet:-1","max-image-preview":"max-image-preview:large","max-video-preview":"max-video-preview:-1"},"canonical":"https:\/\/kyoki.es\/en\/politica-de-cookies\/","og_locale":"en_GB","og_type":"article","og_title":"Pol\u00edtica de Cookies - Kyoki Studio","og_description":"Las cookies son una parte esencial de c\u00f3mo funciona nuestro sitio web. El objetivo principal de nuestras cookies es mejorar tu experiencia en la navegaci\u00f3n.","og_url":"https:\/\/kyoki.es\/en\/politica-de-cookies\/","og_site_name":"Kyoki Studio","article_publisher":"https:\/\/www.facebook.com\/kyokiestudio\/","article_modified_time":"2024-06-13T07:16:56+00:00","twitter_card":"summary_large_image","twitter_misc":{"Estimated reading time":"6 minutes"},"schema":{"@context":"https:\/\/schema.org","@graph":[{"@type":"WebPage","@id":"https:\/\/kyoki.es\/politica-de-cookies\/","url":"https:\/\/kyoki.es\/politica-de-cookies\/","name":"Pol\u00edtica de Cookies - Kyoki Studio","isPartOf":{"@id":"https:\/\/kyoki.es\/#website"},"datePublished":"2024-06-10T07:55:05+00:00","dateModified":"2024-06-13T07:16:56+00:00","description":"Las cookies son una parte esencial de c\u00f3mo funciona nuestro sitio web. El objetivo principal de nuestras cookies es mejorar tu experiencia en la navegaci\u00f3n.","breadcrumb":{"@id":"https:\/\/kyoki.es\/politica-de-cookies\/#breadcrumb"},"inLanguage":"en-GB","potentialAction":[{"@type":"ReadAction","target":["https:\/\/kyoki.es\/politica-de-cookies\/"]}]},{"@type":"BreadcrumbList","@id":"https:\/\/kyoki.es\/politica-de-cookies\/#breadcrumb","itemListElement":[{"@type":"ListItem","position":1,"name":"Portada","item":"https:\/\/kyoki.es\/"},{"@type":"ListItem","position":2,"name":"Pol\u00edtica de Cookies"}]},{"@type":"WebSite","@id":"https:\/\/kyoki.es\/#website","url":"https:\/\/kyoki.es\/","name":"Kyoki","description":"Estudio de Dise\u00f1o","publisher":{"@id":"https:\/\/kyoki.es\/#organization"},"potentialAction":[{"@type":"SearchAction","target":{"@type":"EntryPoint","urlTemplate":"https:\/\/kyoki.es\/?s={search_term_string}"},"query-input":{"@type":"PropertyValueSpecification","valueRequired":true,"valueName":"search_term_string"}}],"inLanguage":"en-GB"},{"@type":"Organization","@id":"https:\/\/kyoki.es\/#organization","name":"Kyoki","url":"https:\/\/kyoki.es\/","logo":{"@type":"ImageObject","inLanguage":"en-GB","@id":"https:\/\/kyoki.es\/#\/schema\/logo\/image\/","url":"https:\/\/kyoki.es\/wp-content\/uploads\/2023\/04\/cropped-LOGO-KYOKI-Studio-fondo-transparente.png","contentUrl":"https:\/\/kyoki.es\/wp-content\/uploads\/2023\/04\/cropped-LOGO-KYOKI-Studio-fondo-transparente.png","width":241,"height":128,"caption":"Kyoki"},"image":{"@id":"https:\/\/kyoki.es\/#\/schema\/logo\/image\/"},"sameAs":["https:\/\/www.facebook.com\/kyokiestudio\/","https:\/\/www.instagram.com\/kyoki_estudio\/?hl=es","https:\/\/www.linkedin.com\/company\/kyoki"]}]}},"_links":{"self":[{"href":"https:\/\/kyoki.es\/en\/wp-json\/wp\/v2\/pages\/2456","targetHints":{"allow":["GET"]}}],"collection":[{"href":"https:\/\/kyoki.es\/en\/wp-json\/wp\/v2\/pages"}],"about":[{"href":"https:\/\/kyoki.es\/en\/wp-json\/wp\/v2\/types\/page"}],"author":[{"embeddable":true,"href":"https:\/\/kyoki.es\/en\/wp-json\/wp\/v2\/users\/1"}],"replies":[{"embeddable":true,"href":"https:\/\/kyoki.es\/en\/wp-json\/wp\/v2\/comments?post=2456"}],"version-history":[{"count":10,"href":"https:\/\/kyoki.es\/en\/wp-json\/wp\/v2\/pages\/2456\/revisions"}],"predecessor-version":[{"id":2520,"href":"https:\/\/kyoki.es\/en\/wp-json\/wp\/v2\/pages\/2456\/revisions\/2520"}],"wp:attachment":[{"href":"https:\/\/kyoki.es\/en\/wp-json\/wp\/v2\/media?parent=2456"}],"curies":[{"name":"wp","href":"https:\/\/api.w.org\/{rel}","templated":true}]}}