{"id":2454,"date":"2024-06-10T09:54:38","date_gmt":"2024-06-10T07:54:38","guid":{"rendered":"https:\/\/kyoki.es\/?page_id=2454"},"modified":"2024-06-13T09:27:35","modified_gmt":"2024-06-13T07:27:35","slug":"politica-de-privacidad","status":"publish","type":"page","link":"https:\/\/kyoki.es\/en\/politica-de-privacidad\/","title":{"rendered":"Pol\u00edtica de privacidad"},"content":{"rendered":"<div data-elementor-type=\"wp-page\" data-elementor-id=\"2454\" class=\"elementor elementor-2454\">\n\t\t\t\t\t\t<section class=\"elementor-section elementor-top-section elementor-element elementor-element-af0637e elementor-section-boxed elementor-section-height-default elementor-section-height-default\" data-id=\"af0637e\" data-element_type=\"section\" data-e-type=\"section\">\n\t\t\t\t\t\t<div class=\"elementor-container elementor-column-gap-default\">\n\t\t\t\t\t<div class=\"elementor-column elementor-col-100 elementor-top-column elementor-element elementor-element-d6f813a\" data-id=\"d6f813a\" data-element_type=\"column\" data-e-type=\"column\">\n\t\t\t<div class=\"elementor-widget-wrap elementor-element-populated\">\n\t\t\t\t\t\t<div class=\"elementor-element elementor-element-d5bdaf2 elementor-widget elementor-widget-text-editor\" data-id=\"d5bdaf2\" data-element_type=\"widget\" data-e-type=\"widget\" data-widget_type=\"text-editor.default\">\n\t\t\t\t<div class=\"elementor-widget-container\">\n\t\t\t\t\t\t\t\t\t<h1>PRIVACY POLICY<\/h1><p><strong>KYOKI STUDIO es una marca registrada de DIDES DESIGN SL.<\/strong><\/p><p>DIDES DESIGN, SL, con CIF B54434725, y domicilio en Glorieta Conde Amador Ferrando, 1, IBI (03440), ALICANTE y con correo electr\u00f3nico <a href=\"mailto:admon@dides.net\">admon@dides.net<\/a> y tel\u00e9fono 96 555 15 13.<\/p><p>Inscripci\u00f3n en el Registro Mercantil con N\u00ba: Tomo: 3392, LIBRO: 0, Folio 116, Secci\u00f3n 8, Hoja A 118022.<\/p><h3>Responsable de la protecci\u00f3n de datos<\/h3><p>El titular es el responsable de los datos personales que son recabados por la navegaci\u00f3n y uso de esta web conforme a los requisitos establecidos por el REGLAMENTO (UE) 2016\/679 relativo a la protecci\u00f3n de datos de las personas f\u00edsicas as\u00ed como conforme a la Ley 34\/2002 de 11 de julio de Servicios de la Sociedad de la Informaci\u00f3n y del Comercio Electr\u00f3nico (LSSI-CE).<\/p><p>Al utilizar este sitio web entendemos que ha le\u00eddo y comprendido la informaci\u00f3n que se expone en relaci\u00f3n con el tratamiento de sus datos de car\u00e1cter personal.<\/p><h3>Pol\u00edtica de protecci\u00f3n de datos<\/h3><p>El responsable aplica el principio de responsabilidad activa en el tratamiento de los datos de car\u00e1cter personal, manteniendo una constante puesta al d\u00eda y una promoci\u00f3n de la mejora continua del sistema de protecci\u00f3n de datos conforme a los requisitos legales exigibles, garantizando en todo caso:<\/p><p>el respeto a las libertades y los derechos fundamentales de las personas f\u00edsicas<br \/>que los datos son tratados de manera l\u00edcita, leal y transparente<br \/>que los datos tratados son exactos, adecuados, pertinentes y limitados en relaci\u00f3n con los fines para los que son recogidos<br \/>que los fines para los que son recogidos son expl\u00edcitos y leg\u00edtimos y que no son tratados de manera incompatible con dichos fines<\/p><p>La finalidad de este documento es informar a los usuarios sobre qu\u00e9 hacemos con sus datos personales, c\u00f3mo se recaban, para qu\u00e9 se utilizan, los derechos que les asisten as\u00ed como toda la informaci\u00f3n legal necesaria establecida por la normativa vigente<\/p><h3>Datos recabados, finalidad y licitud<\/h3><p>Los datos de car\u00e1cter personal tratados son los aportados por los usuarios a trav\u00e9s de los formularios disponibles en este sitio web y son los m\u00ednimos exigibles para poder:<\/p><p>enviarle informaci\u00f3n sobre nuestros productos \/ servicios<br \/>atender consultas tramitar pedidos, as\u00ed como poder elaborar las facturas correspondientes, informar sobre el estado de los pedidos, atender reclamaciones y cualquier otra gesti\u00f3n derivada de la prestaci\u00f3n del servicio realizado a trav\u00e9s de este sitio web<\/p><p>Dichas finalidades est\u00e1n basadas en principios legales de tratamiento de los datos recogidos por la normativa vigente: para la ejecuci\u00f3n de un contrato o la prestaci\u00f3n de un servicio a los usuarios, para el cumplimiento de obligaciones legales, por el inter\u00e9s leg\u00edtimo y con el consentimiento de los usuarios.<\/p><h3>Formularios web<\/h3><p>Los datos personales recabados a trav\u00e9s del formulario web de contacto se usan para poder atender cualquier consulta que el usuario realice a trav\u00e9s del mismo<\/p><p>Los datos personales recabados en el formulario de pedidos tienen la finalidad de tratar los datos necesarios para la correcta gesti\u00f3n de sus pedidos<\/p><p>El tratamiento de los datos est\u00e1 legitimado por el consentimiento que usted nos presta al aceptar expresamente las condiciones del tratamiento informadas a trav\u00e9s de esta pol\u00edtica de privacidad.<\/p><h3>Destinatarios de los datos<\/h3><p>Los datos de car\u00e1cter personal obtenidos a trav\u00e9s de los formularios web son registrados y conservados en soportes electr\u00f3nicos controlados y supervisados por el responsable del tratamiento.<\/p><p>Sus datos personales no ser\u00e1n comunicados a terceros, con la salvedad de que dicha comunicaci\u00f3n de datos est\u00e9 amparada en una obligaci\u00f3n legal o cuando para la correcta prestaci\u00f3n del servicio o la ejecuci\u00f3n del contrato sea necesario comunicar sus datos a terceros para poder efectuar el pago (pasarelas de pago), as\u00ed como gestionar las entregas de los productos (transportistas) amparada dicha cesi\u00f3n en las necesidades del servicio. Pago mediante otras pasarelas de pago, recomendamos al usuario que le la pol\u00edtica de privacidad para entender c\u00f3mo maneja la informaci\u00f3n personal, por ejemplo<\/p><p>Redsys Servicios de Procesamiento, S.L. (\u201cRedsys\u201d), con domicilio en Madrid, calle Francisco Sancha, n\u00famero 12, y con C.I.F. n\u00famero B-85955367, que cumple \u00edntegramente con la legislaci\u00f3n vigente en materia de protecci\u00f3n de datos de car\u00e1cter personal y con los compromisos de confidencialidad propios de su actividad. Redsys ha adoptado las medidas t\u00e9cnicas necesarias para mantener el nivel de seguridad<\/p><p>Puede ver su pol\u00edtica de privacidad en:<\/p><p><a href=\"https:\/\/\/en\/www.redsys.es\/legal\/20180223_politica_de_privacidad_web_publica_redsys.pdf\/\" data-wplink-url-error=\"true\">https:www.redsys.es\/legal\/20180223_politica_de_privacidad_web_publica_redsys.pdf<\/a><\/p><p>PayPal (Europe) S.\u00e0.r.l. et Cie, S.C.A. (R.C.S. Luxembourg B 118 349), cuya pol\u00edtica de privacidad establece las medidas de seguridad adecuadas para el correcto tratamiento de los datos personales de los<\/p><p>Puede ver su pol\u00edtica de privacidad en:<\/p><p><a href=\"https:\/\/www.paypal.com\/es\/webapps\/mpp\/ua\/privacy-full?locale.x=es_ES#1\">https:\/\/www.paypal.com\/es\/webapps\/mpp\/ua\/privacy-full?locale.x=es_ES#1<\/a><\/p><p>Para los casos en los que la comunicaci\u00f3n de datos a terceros no est\u00e9 amparada en las bases legales establecidas en el apartado anterior, la comunicaci\u00f3n de datos a otros destinatarios s\u00f3lo se realizar\u00e1 si el usuario ha dado su consentimiento expreso.<\/p><p>Se mantienen unos criterios estrictos de selecci\u00f3n de encargados de tratamiento y el compromiso contractual con cada uno de ellos para cumplir y hacer cumplir las obligaciones establecidas en materia de protecci\u00f3n de datos.<\/p><p>En el caso de que existan transferencias internacionales de datos DIDES DESIGN, SL garantizar\u00e1 que la transferencia de sus datos personales se realiza de conformidad con las leyes de privacidad aplicables y, en particular, que se apliquen las medidas contractuales, t\u00e9cnicas y organizativas necesarias, como las cl\u00e1usulas contractuales est\u00e1ndar aprobadas por la Comisi\u00f3n Europea.<\/p><p>Puede obtener m\u00e1s informaci\u00f3n sobre el tratamiento de los datos personales de nuestra organizaci\u00f3n solicit\u00e1ndola en el mail: admon@dides.net o accediendo a trav\u00e9s del siguiente enlace:<\/p><p><a href=\"https:\/\/consultoria.virtualsolutions.es\/APP\/DOCUMENTACION\/ACTIVIDAD_TRATAMIENTO\/VISTA_WEB\/87006\/95707198781975\">https:\/\/consultoria.virtualsolutions.es\/APP\/DOCUMENTACION\/ACTIVIDAD_TRATAMIENTO\/VISTA_WEB\/87006\/95707198781975<\/a><\/p><h3>Medidas t\u00e9cnicas y organizativas de protecci\u00f3n de datos<\/h3><p>Los soportes cuentan con las medidas t\u00e9cnicas y organizativas necesarias que garantizan la confidencialidad y la conservaci\u00f3n de los datos personales obtenidos a trav\u00e9s de la web<\/p><p>Los datos personales recabados desde la web son tratados mediante protocolo HTML con certificado SSL v\u00e1lido<\/p><p>El personal implicado en las operaciones de tratamiento de datos: acceso, edici\u00f3n, borrado, etc\u2026 est\u00e1 capacitado para ello, formado y comprometido con esta pol\u00edtica de protecci\u00f3n de datos.<\/p><h3>Conservaci\u00f3n de los datos<\/h3><p>Los datos de car\u00e1cter personal obtenidos a trav\u00e9s del formulario de contacto ser\u00e1n conservados el tiempo necesario para atender la solicitud\/consulta realizada.<\/p><p>Los datos de car\u00e1cter personal obtenidos a trav\u00e9s del formulario de pedidos ser\u00e1n conservados mientras exista una relaci\u00f3n contractual y\/o comercial con usted o mientras usted no ejerza su derecho de supresi\u00f3n, cancelaci\u00f3n y\/o limitaci\u00f3n del tratamiento de sus datos.<\/p><p>Vencida la relaci\u00f3n contractual mantendremos la informaci\u00f3n debidamente bloqueada, sin darle ning\u00fan uso, mientras pueda ser necesaria para el ejercicio o defensa de reclamaciones o pueda derivarse alg\u00fan tipo de responsabilidad judicial, legal o contractual de su tratamiento, que deba ser atendida y para lo cual sea necesaria su recuperaci\u00f3n<\/p><p>En caso que haya aceptado expresamente el env\u00edo de informaci\u00f3n comercial conservaremos sus datos de contacto hasta que usted nos comunique su decisi\u00f3n de anular dichos env\u00edos comerciales.<\/p><h3>Informaci\u00f3n sobre la existencia de decisiones automatizadas (incluida la elaboraci\u00f3n de perfiles)<\/h3><p>Normalmente no adoptamos decisiones autom\u00e1ticas, pero cuanto lo hagamos dejaremos claro que se est\u00e1 adoptando ese tipo de decisi\u00f3n. No obstante, DIDES DESIGN, SL, con CIF B54434725 recoge varios apartados dedicados a la personalizaci\u00f3n de servicios a fin de mostrar publicidad personalizada al ingresar en su sitio Web y tambi\u00e9n para el env\u00edo de comunicaciones personalizadas.<\/p><p>DIDES DESIGN, SL, con CIF B54434725 reconoce la posibilidad de la realizaci\u00f3n de perfiles para mejorar su oferta de productos o personalizar el env\u00edo de ofertas comerciales o dar un trato m\u00e1s personalizado al cliente.<\/p><h3>Oposici\u00f3n a que los datos sean tratados con fines publicitarios<\/h3><p>Si diste tu consentimiento para que utilizaran tus datos con fines publicitarios y no deseas seguir recibiendo publicidad, puedes revocar el consentimiento prestado en cualquier momento y a trav\u00e9s del env\u00edo de un correo electr\u00f3nico a mail del responsable admon@dides.net<\/p><h3>Cambios en la Pol\u00edtica de Privacidad<\/h3><p>Es posible que modifiquemos la informaci\u00f3n contenida en esta Pol\u00edtica de Privacidad y Cookies cuando lo estimemos conveniente. En caso de que lo hagamos, te lo notificaremos por distintas v\u00edas a trav\u00e9s de la Plataforma (por ejemplo, a trav\u00e9s de un banner, un pop-up o una notificaci\u00f3n push), o incluso te lo comunicaremos a tu direcci\u00f3n de correo electr\u00f3nico cuando el cambio en cuesti\u00f3n sea significativo para con tu privacidad, de manera que puedas revisar los cambios, valorarlos y, en su caso, oponerte o darte de baja en alg\u00fan servicio o funcionalidad. En cualquier caso, te sugerimos que revises esta Pol\u00edtica de Privacidad y Cookies de vez en cuando por si hubiera cambios menores o introducimos alguna mejora interactiva.<\/p>\t\t\t\t\t\t\t\t<\/div>\n\t\t\t\t<\/div>\n\t\t\t\t\t<\/div>\n\t\t<\/div>\n\t\t\t\t\t<\/div>\n\t\t<\/section>\n\t\t\t\t<\/div>","protected":false},"excerpt":{"rendered":"<p>POL\u00cdTICA DE PRIVACIDAD KYOKI STUDIO es una marca registrada de DIDES DESIGN SL. DIDES DESIGN, SL, con CIF B54434725, y domicilio en Glorieta Conde Amador Ferrando, 1, IBI (03440), ALICANTE y con correo electr\u00f3nico admon@dides.net y tel\u00e9fono 96 555 15 13. Inscripci\u00f3n en el Registro Mercantil con N\u00ba: Tomo: 3392, LIBRO: 0, Folio 116, Secci\u00f3n [&hellip;]<\/p>\n","protected":false},"author":1,"featured_media":0,"parent":0,"menu_order":0,"comment_status":"closed","ping_status":"closed","template":"","meta":{"site-sidebar-layout":"no-sidebar","site-content-layout":"page-builder","ast-site-content-layout":"full-width-container","site-content-style":"default","site-sidebar-style":"default","ast-global-header-display":"","ast-banner-title-visibility":"","ast-main-header-display":"","ast-hfb-above-header-display":"","ast-hfb-below-header-display":"","ast-hfb-mobile-header-display":"","site-post-title":"disabled","ast-breadcrumbs-content":"","ast-featured-img":"disabled","footer-sml-layout":"","ast-disable-related-posts":"","theme-transparent-header-meta":"default","adv-header-id-meta":"","stick-header-meta":"","header-above-stick-meta":"","header-main-stick-meta":"","header-below-stick-meta":"","astra-migrate-meta-layouts":"set","ast-page-background-enabled":"default","ast-page-background-meta":{"desktop":{"background-color":"var(--ast-global-color-4)","background-image":"","background-repeat":"repeat","background-position":"center center","background-size":"auto","background-attachment":"scroll","background-type":"","background-media":"","overlay-type":"","overlay-color":"","overlay-opacity":"","overlay-gradient":""},"tablet":{"background-color":"","background-image":"","background-repeat":"repeat","background-position":"center center","background-size":"auto","background-attachment":"scroll","background-type":"","background-media":"","overlay-type":"","overlay-color":"","overlay-opacity":"","overlay-gradient":""},"mobile":{"background-color":"","background-image":"","background-repeat":"repeat","background-position":"center center","background-size":"auto","background-attachment":"scroll","background-type":"","background-media":"","overlay-type":"","overlay-color":"","overlay-opacity":"","overlay-gradient":""}},"ast-content-background-meta":{"desktop":{"background-color":"var(--ast-global-color-5)","background-image":"","background-repeat":"repeat","background-position":"center center","background-size":"auto","background-attachment":"scroll","background-type":"","background-media":"","overlay-type":"","overlay-color":"","overlay-opacity":"","overlay-gradient":""},"tablet":{"background-color":"var(--ast-global-color-5)","background-image":"","background-repeat":"repeat","background-position":"center center","background-size":"auto","background-attachment":"scroll","background-type":"","background-media":"","overlay-type":"","overlay-color":"","overlay-opacity":"","overlay-gradient":""},"mobile":{"background-color":"var(--ast-global-color-5)","background-image":"","background-repeat":"repeat","background-position":"center center","background-size":"auto","background-attachment":"scroll","background-type":"","background-media":"","overlay-type":"","overlay-color":"","overlay-opacity":"","overlay-gradient":""}},"footnotes":""},"class_list":["post-2454","page","type-page","status-publish","hentry"],"yoast_head":"<!-- This site is optimized with the Yoast SEO plugin v27.3 - https:\/\/yoast.com\/product\/yoast-seo-wordpress\/ -->\n<title>Pol\u00edtica de privacidad - Kyoki Studio<\/title>\n<meta name=\"robots\" content=\"index, follow, max-snippet:-1, max-image-preview:large, max-video-preview:-1\" \/>\n<link rel=\"canonical\" href=\"https:\/\/kyoki.es\/en\/politica-de-privacidad\/\" \/>\n<meta property=\"og:locale\" content=\"en_GB\" \/>\n<meta property=\"og:type\" content=\"article\" \/>\n<meta property=\"og:title\" content=\"Pol\u00edtica de privacidad - Kyoki Studio\" \/>\n<meta property=\"og:description\" content=\"POL\u00cdTICA DE PRIVACIDAD KYOKI STUDIO es una marca registrada de DIDES DESIGN SL. DIDES DESIGN, SL, con CIF B54434725, y domicilio en Glorieta Conde Amador Ferrando, 1, IBI (03440), ALICANTE y con correo electr\u00f3nico admon@dides.net y tel\u00e9fono 96 555 15 13. Inscripci\u00f3n en el Registro Mercantil con N\u00ba: Tomo: 3392, LIBRO: 0, Folio 116, Secci\u00f3n [&hellip;]\" \/>\n<meta property=\"og:url\" content=\"https:\/\/kyoki.es\/en\/politica-de-privacidad\/\" \/>\n<meta property=\"og:site_name\" content=\"Kyoki Studio\" \/>\n<meta property=\"article:publisher\" content=\"https:\/\/www.facebook.com\/kyokiestudio\/\" \/>\n<meta property=\"article:modified_time\" content=\"2024-06-13T07:27:35+00:00\" \/>\n<meta name=\"twitter:card\" content=\"summary_large_image\" \/>\n<meta name=\"twitter:label1\" content=\"Estimated reading time\" \/>\n\t<meta name=\"twitter:data1\" content=\"7 minutes\" \/>\n<script type=\"application\/ld+json\" class=\"yoast-schema-graph\">{\"@context\":\"https:\\\/\\\/schema.org\",\"@graph\":[{\"@type\":\"WebPage\",\"@id\":\"https:\\\/\\\/kyoki.es\\\/politica-de-privacidad\\\/\",\"url\":\"https:\\\/\\\/kyoki.es\\\/politica-de-privacidad\\\/\",\"name\":\"Pol\u00edtica de privacidad - Kyoki Studio\",\"isPartOf\":{\"@id\":\"https:\\\/\\\/kyoki.es\\\/#website\"},\"datePublished\":\"2024-06-10T07:54:38+00:00\",\"dateModified\":\"2024-06-13T07:27:35+00:00\",\"breadcrumb\":{\"@id\":\"https:\\\/\\\/kyoki.es\\\/politica-de-privacidad\\\/#breadcrumb\"},\"inLanguage\":\"en-GB\",\"potentialAction\":[{\"@type\":\"ReadAction\",\"target\":[\"https:\\\/\\\/kyoki.es\\\/politica-de-privacidad\\\/\"]}]},{\"@type\":\"BreadcrumbList\",\"@id\":\"https:\\\/\\\/kyoki.es\\\/politica-de-privacidad\\\/#breadcrumb\",\"itemListElement\":[{\"@type\":\"ListItem\",\"position\":1,\"name\":\"Portada\",\"item\":\"https:\\\/\\\/kyoki.es\\\/\"},{\"@type\":\"ListItem\",\"position\":2,\"name\":\"Pol\u00edtica de privacidad\"}]},{\"@type\":\"WebSite\",\"@id\":\"https:\\\/\\\/kyoki.es\\\/#website\",\"url\":\"https:\\\/\\\/kyoki.es\\\/\",\"name\":\"Kyoki\",\"description\":\"Estudio de Dise\u00f1o\",\"publisher\":{\"@id\":\"https:\\\/\\\/kyoki.es\\\/#organization\"},\"potentialAction\":[{\"@type\":\"SearchAction\",\"target\":{\"@type\":\"EntryPoint\",\"urlTemplate\":\"https:\\\/\\\/kyoki.es\\\/?s={search_term_string}\"},\"query-input\":{\"@type\":\"PropertyValueSpecification\",\"valueRequired\":true,\"valueName\":\"search_term_string\"}}],\"inLanguage\":\"en-GB\"},{\"@type\":\"Organization\",\"@id\":\"https:\\\/\\\/kyoki.es\\\/#organization\",\"name\":\"Kyoki\",\"url\":\"https:\\\/\\\/kyoki.es\\\/\",\"logo\":{\"@type\":\"ImageObject\",\"inLanguage\":\"en-GB\",\"@id\":\"https:\\\/\\\/kyoki.es\\\/#\\\/schema\\\/logo\\\/image\\\/\",\"url\":\"https:\\\/\\\/kyoki.es\\\/wp-content\\\/uploads\\\/2023\\\/04\\\/cropped-LOGO-KYOKI-Studio-fondo-transparente.png\",\"contentUrl\":\"https:\\\/\\\/kyoki.es\\\/wp-content\\\/uploads\\\/2023\\\/04\\\/cropped-LOGO-KYOKI-Studio-fondo-transparente.png\",\"width\":241,\"height\":128,\"caption\":\"Kyoki\"},\"image\":{\"@id\":\"https:\\\/\\\/kyoki.es\\\/#\\\/schema\\\/logo\\\/image\\\/\"},\"sameAs\":[\"https:\\\/\\\/www.facebook.com\\\/kyokiestudio\\\/\",\"https:\\\/\\\/www.instagram.com\\\/kyoki_estudio\\\/?hl=es\",\"https:\\\/\\\/www.linkedin.com\\\/company\\\/kyoki\"]}]}<\/script>\n<!-- \/ Yoast SEO plugin. -->","yoast_head_json":{"title":"Pol\u00edtica de privacidad - Kyoki Studio","robots":{"index":"index","follow":"follow","max-snippet":"max-snippet:-1","max-image-preview":"max-image-preview:large","max-video-preview":"max-video-preview:-1"},"canonical":"https:\/\/kyoki.es\/en\/politica-de-privacidad\/","og_locale":"en_GB","og_type":"article","og_title":"Pol\u00edtica de privacidad - Kyoki Studio","og_description":"POL\u00cdTICA DE PRIVACIDAD KYOKI STUDIO es una marca registrada de DIDES DESIGN SL. DIDES DESIGN, SL, con CIF B54434725, y domicilio en Glorieta Conde Amador Ferrando, 1, IBI (03440), ALICANTE y con correo electr\u00f3nico admon@dides.net y tel\u00e9fono 96 555 15 13. Inscripci\u00f3n en el Registro Mercantil con N\u00ba: Tomo: 3392, LIBRO: 0, Folio 116, Secci\u00f3n [&hellip;]","og_url":"https:\/\/kyoki.es\/en\/politica-de-privacidad\/","og_site_name":"Kyoki Studio","article_publisher":"https:\/\/www.facebook.com\/kyokiestudio\/","article_modified_time":"2024-06-13T07:27:35+00:00","twitter_card":"summary_large_image","twitter_misc":{"Estimated reading time":"7 minutes"},"schema":{"@context":"https:\/\/schema.org","@graph":[{"@type":"WebPage","@id":"https:\/\/kyoki.es\/politica-de-privacidad\/","url":"https:\/\/kyoki.es\/politica-de-privacidad\/","name":"Pol\u00edtica de privacidad - Kyoki Studio","isPartOf":{"@id":"https:\/\/kyoki.es\/#website"},"datePublished":"2024-06-10T07:54:38+00:00","dateModified":"2024-06-13T07:27:35+00:00","breadcrumb":{"@id":"https:\/\/kyoki.es\/politica-de-privacidad\/#breadcrumb"},"inLanguage":"en-GB","potentialAction":[{"@type":"ReadAction","target":["https:\/\/kyoki.es\/politica-de-privacidad\/"]}]},{"@type":"BreadcrumbList","@id":"https:\/\/kyoki.es\/politica-de-privacidad\/#breadcrumb","itemListElement":[{"@type":"ListItem","position":1,"name":"Portada","item":"https:\/\/kyoki.es\/"},{"@type":"ListItem","position":2,"name":"Pol\u00edtica de privacidad"}]},{"@type":"WebSite","@id":"https:\/\/kyoki.es\/#website","url":"https:\/\/kyoki.es\/","name":"Kyoki","description":"Estudio de Dise\u00f1o","publisher":{"@id":"https:\/\/kyoki.es\/#organization"},"potentialAction":[{"@type":"SearchAction","target":{"@type":"EntryPoint","urlTemplate":"https:\/\/kyoki.es\/?s={search_term_string}"},"query-input":{"@type":"PropertyValueSpecification","valueRequired":true,"valueName":"search_term_string"}}],"inLanguage":"en-GB"},{"@type":"Organization","@id":"https:\/\/kyoki.es\/#organization","name":"Kyoki","url":"https:\/\/kyoki.es\/","logo":{"@type":"ImageObject","inLanguage":"en-GB","@id":"https:\/\/kyoki.es\/#\/schema\/logo\/image\/","url":"https:\/\/kyoki.es\/wp-content\/uploads\/2023\/04\/cropped-LOGO-KYOKI-Studio-fondo-transparente.png","contentUrl":"https:\/\/kyoki.es\/wp-content\/uploads\/2023\/04\/cropped-LOGO-KYOKI-Studio-fondo-transparente.png","width":241,"height":128,"caption":"Kyoki"},"image":{"@id":"https:\/\/kyoki.es\/#\/schema\/logo\/image\/"},"sameAs":["https:\/\/www.facebook.com\/kyokiestudio\/","https:\/\/www.instagram.com\/kyoki_estudio\/?hl=es","https:\/\/www.linkedin.com\/company\/kyoki"]}]}},"_links":{"self":[{"href":"https:\/\/kyoki.es\/en\/wp-json\/wp\/v2\/pages\/2454","targetHints":{"allow":["GET"]}}],"collection":[{"href":"https:\/\/kyoki.es\/en\/wp-json\/wp\/v2\/pages"}],"about":[{"href":"https:\/\/kyoki.es\/en\/wp-json\/wp\/v2\/types\/page"}],"author":[{"embeddable":true,"href":"https:\/\/kyoki.es\/en\/wp-json\/wp\/v2\/users\/1"}],"replies":[{"embeddable":true,"href":"https:\/\/kyoki.es\/en\/wp-json\/wp\/v2\/comments?post=2454"}],"version-history":[{"count":7,"href":"https:\/\/kyoki.es\/en\/wp-json\/wp\/v2\/pages\/2454\/revisions"}],"predecessor-version":[{"id":2528,"href":"https:\/\/kyoki.es\/en\/wp-json\/wp\/v2\/pages\/2454\/revisions\/2528"}],"wp:attachment":[{"href":"https:\/\/kyoki.es\/en\/wp-json\/wp\/v2\/media?parent=2454"}],"curies":[{"name":"wp","href":"https:\/\/api.w.org\/{rel}","templated":true}]}}