{"id":2452,"date":"2024-06-10T09:48:50","date_gmt":"2024-06-10T07:48:50","guid":{"rendered":"https:\/\/kyoki.es\/?page_id=2452"},"modified":"2024-06-13T09:08:55","modified_gmt":"2024-06-13T07:08:55","slug":"aviso-legal","status":"publish","type":"page","link":"https:\/\/kyoki.es\/en\/aviso-legal\/","title":{"rendered":"Aviso legal"},"content":{"rendered":"<div data-elementor-type=\"wp-page\" data-elementor-id=\"2452\" class=\"elementor elementor-2452\">\n\t\t\t\t\t\t<section class=\"elementor-section elementor-top-section elementor-element elementor-element-0a6c27c elementor-section-boxed elementor-section-height-default elementor-section-height-default\" data-id=\"0a6c27c\" data-element_type=\"section\" data-e-type=\"section\">\n\t\t\t\t\t\t<div class=\"elementor-container elementor-column-gap-default\">\n\t\t\t\t\t<div class=\"elementor-column elementor-col-100 elementor-top-column elementor-element elementor-element-01bf0e2\" data-id=\"01bf0e2\" data-element_type=\"column\" data-e-type=\"column\">\n\t\t\t<div class=\"elementor-widget-wrap elementor-element-populated\">\n\t\t\t\t\t\t<div class=\"elementor-element elementor-element-6ff3024 elementor-widget elementor-widget-text-editor\" data-id=\"6ff3024\" data-element_type=\"widget\" data-e-type=\"widget\" data-widget_type=\"text-editor.default\">\n\t\t\t\t<div class=\"elementor-widget-container\">\n\t\t\t\t\t\t\t\t\t<h1>LEGAL NOTICE<\/h1><h3><strong>Propiedad intelectual e industrial<\/strong><\/h3><p><strong>KYOKI studio es una marca registrada propiedad de DIDES DESIGN, SL<\/strong><\/p><p>El dise\u00f1o del portal y sus c\u00f3digos fuente, as\u00ed como los logos, marcas y dem\u00e1s signos distintivos que aparecen en el mismo pertenecen a (DIDES DESIGN, SL) y est\u00e1n protegidos por los correspondientes derechos de propiedad intelectual e industrial.<\/p><h3>Responsabilidad de los contenidos<\/h3><p>DIDES DESIGN, SL, con CIF B54434725 no se hace responsable de la legalidad de otros sitios web de terceros desde los que pueda accederse al portal. Tampoco responde por la legalidad de otros sitios web de terceros, que pudieran estar vinculados o enlazados desde este portal<\/p><p>DIDES DESIGN, SL, con CIF B54434725 no ser\u00e1 responsable del uso que terceros hagan de la informaci\u00f3n publicada en el portal, ni tampoco de los da\u00f1os sufridos o p\u00e9rdidas econ\u00f3micas que, de forma directa o indirecta, produzcan o puedan producir perjuicios econ\u00f3micos, materiales o sobre datos, provocados por el uso de dicha informaci\u00f3n.<\/p><h3>Reproducci\u00f3n de contenidos<\/h3><p>En virtud de lo dispuesto en la Ley de Propiedad Intelectual quedan expresamente prohibidas la reproducci\u00f3n, la distribuci\u00f3n y la comunicaci\u00f3n p\u00fablica de la totalidad o parte de los contenidos de esta p\u00e1gina web, con fines comerciales en cualquier soporte, y por cualquier medio t\u00e9cnico, sin la autorizaci\u00f3n de DIDES DESIGN, SL.<\/p><h3>Ley aplicable<\/h3><p>DIDES DESIGN, SL, con CIF B54434725 se reserva la facultad de presentar las acciones civiles o penales que considere necesaria por la utilizaci\u00f3n indebida del sitio Web y contenidos, o por el incumplimiento de las presentes condiciones.<\/p><p>La relaci\u00f3n entre el usuario y DIDES DESIGN, SL, con CIF B54434725 se regir\u00e1 por la normativa vigente y de aplicaci\u00f3n en el territorio nacional. De surgir cualquier controversia en relaci\u00f3n a la interpretaci\u00f3n y\/o a la aplicaci\u00f3n de estas condiciones, las partes someter\u00e1n los conflictos a la jurisdicci\u00f3n ordinaria, someti\u00e9ndose a los Jueces y Tribunales que correspondan conforme a Derecho.<\/p><p>As\u00ed mismo le informamos que dispone de un procedimiento de resoluci\u00f3n extrajudicial de controversias gratuito y accesible a todos los ciudadanos, se trata de la plataforma de resoluci\u00f3n de litigios en l\u00ednea de la Uni\u00f3n Europea, accesible a trav\u00e9s del siguiente enlace:<\/p><p><a href=\"https:\/\/ec.europa.eu\/consumers\/odr\/main\/\">https:\/\/ec.europa.eu\/consumers\/odr\/main\/<\/a><\/p><h3>Cookies<\/h3><p>En el caso de emplear tecnolog\u00eda \u201ccookie\u201d en la web, dispone de un apartado concreto que le informa sobre su existencia as\u00ed como de su pol\u00edtica de uso. Consulte el apartado \u201cpol\u00edtica de cookies\u201d.<\/p><p>En caso contrario, no se emplean cookies de navegaci\u00f3n.<\/p><h4><strong>Datos personales de menores<\/strong><\/h4><p>Esta p\u00e1gina web no est\u00e1 dirigida a usuarios menores de edad. Si usted es menor de edad, por favor no intente registrarse como usuario. Si descubrimos que por error hemos obtenido informaci\u00f3n personal de un menor, eliminaremos dicha informaci\u00f3n lo antes posible.<\/p><h4>Ejercicio de los derechos de protecci\u00f3n de datos<\/h4><p>De acuerdo con los derechos que confiere la normativa vigente en materia de protecci\u00f3n de datos de car\u00e1cter personal, el usuario podr\u00e1 ejercer los derechos de acceso, rectificaci\u00f3n, limitaci\u00f3n de tratamiento, supresi\u00f3n, portabilidad y oposici\u00f3n al tratamiento de sus datos dirigiendo su petici\u00f3n a la direcci\u00f3n postal indicada o al correo electr\u00f3nico <a href=\"mailto:admon@dides.net\">admon@dides.net<\/a><\/p><p>Para el ejercicio de los derechos deber\u00e1 identificarse mediante la presentaci\u00f3n de su DNI.<\/p><p>Para cualquier reclamaci\u00f3n puede dirigirse al correo electr\u00f3nico <a href=\"mailto:admon@dides.net\">admon@dides.net<\/a> Igualmente podr\u00e1 dirigirse a la Agencia Espa\u00f1ola de Protecci\u00f3n de Datos:<\/p><p><a href=\"https:\/\/www.aepd.es\">https:\/\/www.aepd.es<\/a><\/p>\t\t\t\t\t\t\t\t<\/div>\n\t\t\t\t<\/div>\n\t\t\t\t\t<\/div>\n\t\t<\/div>\n\t\t\t\t\t<\/div>\n\t\t<\/section>\n\t\t\t\t<\/div>","protected":false},"excerpt":{"rendered":"<p>AVISO LEGAL Propiedad intelectual e industrial KYOKI studio es una marca registrada propiedad de DIDES DESIGN, SL El dise\u00f1o del portal y sus c\u00f3digos fuente, as\u00ed como los logos, marcas y dem\u00e1s signos distintivos que aparecen en el mismo pertenecen a (DIDES DESIGN, SL) y est\u00e1n protegidos por los correspondientes derechos de propiedad intelectual e [&hellip;]<\/p>\n","protected":false},"author":1,"featured_media":0,"parent":0,"menu_order":0,"comment_status":"closed","ping_status":"closed","template":"","meta":{"site-sidebar-layout":"no-sidebar","site-content-layout":"page-builder","ast-site-content-layout":"full-width-container","site-content-style":"default","site-sidebar-style":"default","ast-global-header-display":"","ast-banner-title-visibility":"","ast-main-header-display":"","ast-hfb-above-header-display":"","ast-hfb-below-header-display":"","ast-hfb-mobile-header-display":"","site-post-title":"disabled","ast-breadcrumbs-content":"","ast-featured-img":"disabled","footer-sml-layout":"","ast-disable-related-posts":"","theme-transparent-header-meta":"default","adv-header-id-meta":"","stick-header-meta":"","header-above-stick-meta":"","header-main-stick-meta":"","header-below-stick-meta":"","astra-migrate-meta-layouts":"set","ast-page-background-enabled":"default","ast-page-background-meta":{"desktop":{"background-color":"var(--ast-global-color-4)","background-image":"","background-repeat":"repeat","background-position":"center center","background-size":"auto","background-attachment":"scroll","background-type":"","background-media":"","overlay-type":"","overlay-color":"","overlay-opacity":"","overlay-gradient":""},"tablet":{"background-color":"","background-image":"","background-repeat":"repeat","background-position":"center center","background-size":"auto","background-attachment":"scroll","background-type":"","background-media":"","overlay-type":"","overlay-color":"","overlay-opacity":"","overlay-gradient":""},"mobile":{"background-color":"","background-image":"","background-repeat":"repeat","background-position":"center center","background-size":"auto","background-attachment":"scroll","background-type":"","background-media":"","overlay-type":"","overlay-color":"","overlay-opacity":"","overlay-gradient":""}},"ast-content-background-meta":{"desktop":{"background-color":"var(--ast-global-color-5)","background-image":"","background-repeat":"repeat","background-position":"center center","background-size":"auto","background-attachment":"scroll","background-type":"","background-media":"","overlay-type":"","overlay-color":"","overlay-opacity":"","overlay-gradient":""},"tablet":{"background-color":"var(--ast-global-color-5)","background-image":"","background-repeat":"repeat","background-position":"center center","background-size":"auto","background-attachment":"scroll","background-type":"","background-media":"","overlay-type":"","overlay-color":"","overlay-opacity":"","overlay-gradient":""},"mobile":{"background-color":"var(--ast-global-color-5)","background-image":"","background-repeat":"repeat","background-position":"center center","background-size":"auto","background-attachment":"scroll","background-type":"","background-media":"","overlay-type":"","overlay-color":"","overlay-opacity":"","overlay-gradient":""}},"footnotes":""},"class_list":["post-2452","page","type-page","status-publish","hentry"],"yoast_head":"<!-- This site is optimized with the Yoast SEO plugin v27.3 - https:\/\/yoast.com\/product\/yoast-seo-wordpress\/ -->\n<title>Aviso legal - Kyoki Studio<\/title>\n<meta name=\"description\" content=\"El dise\u00f1o del portal y sus c\u00f3digos fuente, as\u00ed como los logos, marcas y dem\u00e1s signos distintivos que aparecen en el mismo pertenecen a (DIDES DESIGN, SL) y est\u00e1n protegidos por los correspondientes derechos de propiedad intelectual e industrial.\" \/>\n<meta name=\"robots\" content=\"index, follow, max-snippet:-1, max-image-preview:large, max-video-preview:-1\" \/>\n<link rel=\"canonical\" href=\"https:\/\/kyoki.es\/en\/aviso-legal\/\" \/>\n<meta property=\"og:locale\" content=\"en_GB\" \/>\n<meta property=\"og:type\" content=\"article\" \/>\n<meta property=\"og:title\" content=\"Aviso legal - Kyoki Studio\" \/>\n<meta property=\"og:description\" content=\"El dise\u00f1o del portal y sus c\u00f3digos fuente, as\u00ed como los logos, marcas y dem\u00e1s signos distintivos que aparecen en el mismo pertenecen a (DIDES DESIGN, SL) y est\u00e1n protegidos por los correspondientes derechos de propiedad intelectual e industrial.\" \/>\n<meta property=\"og:url\" content=\"https:\/\/kyoki.es\/en\/aviso-legal\/\" \/>\n<meta property=\"og:site_name\" content=\"Kyoki Studio\" \/>\n<meta property=\"article:publisher\" content=\"https:\/\/www.facebook.com\/kyokiestudio\/\" \/>\n<meta property=\"article:modified_time\" content=\"2024-06-13T07:08:55+00:00\" \/>\n<meta name=\"twitter:card\" content=\"summary_large_image\" \/>\n<meta name=\"twitter:label1\" content=\"Estimated reading time\" \/>\n\t<meta name=\"twitter:data1\" content=\"3 minutes\" \/>\n<script type=\"application\/ld+json\" class=\"yoast-schema-graph\">{\"@context\":\"https:\\\/\\\/schema.org\",\"@graph\":[{\"@type\":\"WebPage\",\"@id\":\"https:\\\/\\\/kyoki.es\\\/aviso-legal\\\/\",\"url\":\"https:\\\/\\\/kyoki.es\\\/aviso-legal\\\/\",\"name\":\"Aviso legal - Kyoki Studio\",\"isPartOf\":{\"@id\":\"https:\\\/\\\/kyoki.es\\\/#website\"},\"datePublished\":\"2024-06-10T07:48:50+00:00\",\"dateModified\":\"2024-06-13T07:08:55+00:00\",\"description\":\"El dise\u00f1o del portal y sus c\u00f3digos fuente, as\u00ed como los logos, marcas y dem\u00e1s signos distintivos que aparecen en el mismo pertenecen a (DIDES DESIGN, SL) y est\u00e1n protegidos por los correspondientes derechos de propiedad intelectual e industrial.\",\"breadcrumb\":{\"@id\":\"https:\\\/\\\/kyoki.es\\\/aviso-legal\\\/#breadcrumb\"},\"inLanguage\":\"en-GB\",\"potentialAction\":[{\"@type\":\"ReadAction\",\"target\":[\"https:\\\/\\\/kyoki.es\\\/aviso-legal\\\/\"]}]},{\"@type\":\"BreadcrumbList\",\"@id\":\"https:\\\/\\\/kyoki.es\\\/aviso-legal\\\/#breadcrumb\",\"itemListElement\":[{\"@type\":\"ListItem\",\"position\":1,\"name\":\"Portada\",\"item\":\"https:\\\/\\\/kyoki.es\\\/\"},{\"@type\":\"ListItem\",\"position\":2,\"name\":\"Aviso legal\"}]},{\"@type\":\"WebSite\",\"@id\":\"https:\\\/\\\/kyoki.es\\\/#website\",\"url\":\"https:\\\/\\\/kyoki.es\\\/\",\"name\":\"Kyoki\",\"description\":\"Estudio de Dise\u00f1o\",\"publisher\":{\"@id\":\"https:\\\/\\\/kyoki.es\\\/#organization\"},\"potentialAction\":[{\"@type\":\"SearchAction\",\"target\":{\"@type\":\"EntryPoint\",\"urlTemplate\":\"https:\\\/\\\/kyoki.es\\\/?s={search_term_string}\"},\"query-input\":{\"@type\":\"PropertyValueSpecification\",\"valueRequired\":true,\"valueName\":\"search_term_string\"}}],\"inLanguage\":\"en-GB\"},{\"@type\":\"Organization\",\"@id\":\"https:\\\/\\\/kyoki.es\\\/#organization\",\"name\":\"Kyoki\",\"url\":\"https:\\\/\\\/kyoki.es\\\/\",\"logo\":{\"@type\":\"ImageObject\",\"inLanguage\":\"en-GB\",\"@id\":\"https:\\\/\\\/kyoki.es\\\/#\\\/schema\\\/logo\\\/image\\\/\",\"url\":\"https:\\\/\\\/kyoki.es\\\/wp-content\\\/uploads\\\/2023\\\/04\\\/cropped-LOGO-KYOKI-Studio-fondo-transparente.png\",\"contentUrl\":\"https:\\\/\\\/kyoki.es\\\/wp-content\\\/uploads\\\/2023\\\/04\\\/cropped-LOGO-KYOKI-Studio-fondo-transparente.png\",\"width\":241,\"height\":128,\"caption\":\"Kyoki\"},\"image\":{\"@id\":\"https:\\\/\\\/kyoki.es\\\/#\\\/schema\\\/logo\\\/image\\\/\"},\"sameAs\":[\"https:\\\/\\\/www.facebook.com\\\/kyokiestudio\\\/\",\"https:\\\/\\\/www.instagram.com\\\/kyoki_estudio\\\/?hl=es\",\"https:\\\/\\\/www.linkedin.com\\\/company\\\/kyoki\"]}]}<\/script>\n<!-- \/ Yoast SEO plugin. -->","yoast_head_json":{"title":"Aviso legal - Kyoki Studio","description":"El dise\u00f1o del portal y sus c\u00f3digos fuente, as\u00ed como los logos, marcas y dem\u00e1s signos distintivos que aparecen en el mismo pertenecen a (DIDES DESIGN, SL) y est\u00e1n protegidos por los correspondientes derechos de propiedad intelectual e industrial.","robots":{"index":"index","follow":"follow","max-snippet":"max-snippet:-1","max-image-preview":"max-image-preview:large","max-video-preview":"max-video-preview:-1"},"canonical":"https:\/\/kyoki.es\/en\/aviso-legal\/","og_locale":"en_GB","og_type":"article","og_title":"Aviso legal - Kyoki Studio","og_description":"El dise\u00f1o del portal y sus c\u00f3digos fuente, as\u00ed como los logos, marcas y dem\u00e1s signos distintivos que aparecen en el mismo pertenecen a (DIDES DESIGN, SL) y est\u00e1n protegidos por los correspondientes derechos de propiedad intelectual e industrial.","og_url":"https:\/\/kyoki.es\/en\/aviso-legal\/","og_site_name":"Kyoki Studio","article_publisher":"https:\/\/www.facebook.com\/kyokiestudio\/","article_modified_time":"2024-06-13T07:08:55+00:00","twitter_card":"summary_large_image","twitter_misc":{"Estimated reading time":"3 minutes"},"schema":{"@context":"https:\/\/schema.org","@graph":[{"@type":"WebPage","@id":"https:\/\/kyoki.es\/aviso-legal\/","url":"https:\/\/kyoki.es\/aviso-legal\/","name":"Aviso legal - Kyoki Studio","isPartOf":{"@id":"https:\/\/kyoki.es\/#website"},"datePublished":"2024-06-10T07:48:50+00:00","dateModified":"2024-06-13T07:08:55+00:00","description":"El dise\u00f1o del portal y sus c\u00f3digos fuente, as\u00ed como los logos, marcas y dem\u00e1s signos distintivos que aparecen en el mismo pertenecen a (DIDES DESIGN, SL) y est\u00e1n protegidos por los correspondientes derechos de propiedad intelectual e industrial.","breadcrumb":{"@id":"https:\/\/kyoki.es\/aviso-legal\/#breadcrumb"},"inLanguage":"en-GB","potentialAction":[{"@type":"ReadAction","target":["https:\/\/kyoki.es\/aviso-legal\/"]}]},{"@type":"BreadcrumbList","@id":"https:\/\/kyoki.es\/aviso-legal\/#breadcrumb","itemListElement":[{"@type":"ListItem","position":1,"name":"Portada","item":"https:\/\/kyoki.es\/"},{"@type":"ListItem","position":2,"name":"Aviso legal"}]},{"@type":"WebSite","@id":"https:\/\/kyoki.es\/#website","url":"https:\/\/kyoki.es\/","name":"Kyoki","description":"Estudio de Dise\u00f1o","publisher":{"@id":"https:\/\/kyoki.es\/#organization"},"potentialAction":[{"@type":"SearchAction","target":{"@type":"EntryPoint","urlTemplate":"https:\/\/kyoki.es\/?s={search_term_string}"},"query-input":{"@type":"PropertyValueSpecification","valueRequired":true,"valueName":"search_term_string"}}],"inLanguage":"en-GB"},{"@type":"Organization","@id":"https:\/\/kyoki.es\/#organization","name":"Kyoki","url":"https:\/\/kyoki.es\/","logo":{"@type":"ImageObject","inLanguage":"en-GB","@id":"https:\/\/kyoki.es\/#\/schema\/logo\/image\/","url":"https:\/\/kyoki.es\/wp-content\/uploads\/2023\/04\/cropped-LOGO-KYOKI-Studio-fondo-transparente.png","contentUrl":"https:\/\/kyoki.es\/wp-content\/uploads\/2023\/04\/cropped-LOGO-KYOKI-Studio-fondo-transparente.png","width":241,"height":128,"caption":"Kyoki"},"image":{"@id":"https:\/\/kyoki.es\/#\/schema\/logo\/image\/"},"sameAs":["https:\/\/www.facebook.com\/kyokiestudio\/","https:\/\/www.instagram.com\/kyoki_estudio\/?hl=es","https:\/\/www.linkedin.com\/company\/kyoki"]}]}},"_links":{"self":[{"href":"https:\/\/kyoki.es\/en\/wp-json\/wp\/v2\/pages\/2452","targetHints":{"allow":["GET"]}}],"collection":[{"href":"https:\/\/kyoki.es\/en\/wp-json\/wp\/v2\/pages"}],"about":[{"href":"https:\/\/kyoki.es\/en\/wp-json\/wp\/v2\/types\/page"}],"author":[{"embeddable":true,"href":"https:\/\/kyoki.es\/en\/wp-json\/wp\/v2\/users\/1"}],"replies":[{"embeddable":true,"href":"https:\/\/kyoki.es\/en\/wp-json\/wp\/v2\/comments?post=2452"}],"version-history":[{"count":13,"href":"https:\/\/kyoki.es\/en\/wp-json\/wp\/v2\/pages\/2452\/revisions"}],"predecessor-version":[{"id":2510,"href":"https:\/\/kyoki.es\/en\/wp-json\/wp\/v2\/pages\/2452\/revisions\/2510"}],"wp:attachment":[{"href":"https:\/\/kyoki.es\/en\/wp-json\/wp\/v2\/media?parent=2452"}],"curies":[{"name":"wp","href":"https:\/\/api.w.org\/{rel}","templated":true}]}}